{"id":171,"date":"2025-04-13T20:55:26","date_gmt":"2025-04-13T20:55:26","guid":{"rendered":"https:\/\/urixi.com\/?page_id=171"},"modified":"2026-03-30T05:40:36","modified_gmt":"2026-03-30T05:40:36","slug":"home","status":"publish","type":"page","link":"https:\/\/urixi.com\/es\/","title":{"rendered":"Home"},"content":{"rendered":"<div class=\"wp-block-group alignfull has-accent-2-background-color has-background has-global-padding is-layout-constrained wp-block-group-is-layout-constrained\">\n<div class=\"wp-block-columns alignwide is-layout-flex wp-container-core-columns-is-layout-28f84493 wp-block-columns-is-layout-flex\">\n<div class=\"wp-block-column is-vertically-aligned-center is-layout-flow wp-block-column-is-layout-flow\">\n<h1 class=\"wp-block-heading has-text-align-left is-style-default\"><strong>Lleva tu negocio m\u00e1s alto, con la calidad que marca la diferencia<\/strong><\/h1>\n\n\n\n<p class=\"is-style-default has-base-color has-text-color has-link-color wp-elements-13f31bbf496e5174c48e099baa92865f\">Descubre en un solo lugar todo lo que necesitas para que tu negocio de Bebidas congeladas fluya sin obst\u00e1culos, con la seguridad de que un servicio experto te respalda en cada paso hacia el crecimiento.<\/p>\n<\/div>\n\n\n\n<div class=\"wp-block-column is-vertically-aligned-center is-layout-flow wp-block-column-is-layout-flow\">\n<figure class=\"wp-block-image size-full\" style=\"margin-top:var(--wp--preset--spacing--50);margin-bottom:var(--wp--preset--spacing--50)\"><img loading=\"lazy\" decoding=\"async\" width=\"1024\" height=\"572\" src=\"https:\/\/urixi.com\/wp-content\/uploads\/2026\/03\/banner-neon-spicy.jpg\" alt=\"\" class=\"wp-image-219\" srcset=\"https:\/\/urixi.com\/wp-content\/uploads\/2026\/03\/banner-neon-spicy.jpg 1024w, https:\/\/urixi.com\/wp-content\/uploads\/2026\/03\/banner-neon-spicy-300x168.jpg 300w, https:\/\/urixi.com\/wp-content\/uploads\/2026\/03\/banner-neon-spicy-768x429.jpg 768w, https:\/\/urixi.com\/wp-content\/uploads\/2026\/03\/banner-neon-spicy-18x10.jpg 18w\" sizes=\"auto, (max-width: 1024px) 100vw, 1024px\" \/><\/figure>\n<\/div>\n<\/div>\n<\/div>\n\n\n\n<div class=\"wp-block-group alignfull is-style-section-1 has-global-padding is-layout-constrained wp-block-group-is-layout-constrained is-style-section-1--1\" style=\"margin-top:0;margin-bottom:0;padding-top:var(--wp--preset--spacing--50);padding-bottom:var(--wp--preset--spacing--50)\">\n<div class=\"wp-block-columns alignwide is-layout-flex wp-container-core-columns-is-layout-7ee84d44 wp-block-columns-is-layout-flex\">\n<div class=\"wp-block-column is-vertically-aligned-center is-layout-flow wp-block-column-is-layout-flow\" style=\"flex-basis:50%\">\n<figure class=\"wp-block-image size-full\"><img loading=\"lazy\" decoding=\"async\" width=\"768\" height=\"1376\" src=\"https:\/\/urixi.com\/wp-content\/uploads\/2026\/03\/drop2.png\" alt=\"\" class=\"wp-image-220\" srcset=\"https:\/\/urixi.com\/wp-content\/uploads\/2026\/03\/drop2.png 768w, https:\/\/urixi.com\/wp-content\/uploads\/2026\/03\/drop2-167x300.png 167w, https:\/\/urixi.com\/wp-content\/uploads\/2026\/03\/drop2-572x1024.png 572w, https:\/\/urixi.com\/wp-content\/uploads\/2026\/03\/drop2-7x12.png 7w\" sizes=\"auto, (max-width: 768px) 100vw, 768px\" \/><\/figure>\n<\/div>\n\n\n\n<div class=\"wp-block-column is-vertically-aligned-center is-layout-flow wp-block-column-is-layout-flow\" style=\"flex-basis:50%\">\n<h2 class=\"wp-block-heading is-style-text-display is-style-text-display--2\">Quienes somos<\/h2>\n\n\n\n<p>Somos una Empresa estadounidense especializada en la Exportaci\u00f3n, distribuci\u00f3n y mantenimiento de M\u00e1quinas dispensadoras de bebidas carbonatadas congeladas (Slushies) as\u00ed como sus insumos, suministros y refacciones, en Estados Unidos, M\u00e9xico y Guatemala.<\/p>\n<\/div>\n<\/div>\n<\/div>\n\n\n\n<div class=\"wp-block-group alignfull is-style-section-5 has-global-padding is-layout-constrained wp-block-group-is-layout-constrained is-style-section-5--3\" style=\"margin-top:0;margin-bottom:0;padding-top:var(--wp--preset--spacing--40);padding-bottom:var(--wp--preset--spacing--40)\">\n<div class=\"wp-block-columns alignwide is-layout-flex wp-container-core-columns-is-layout-28f84493 wp-block-columns-is-layout-flex\">\n<div class=\"wp-block-column is-layout-flow wp-block-column-is-layout-flow\" style=\"flex-basis:50%\">\n<figure class=\"wp-block-image aligncenter size-medium\"><img loading=\"lazy\" decoding=\"async\" width=\"166\" height=\"300\" src=\"https:\/\/urixi.com\/wp-content\/uploads\/2026\/03\/productos-varios-1-166x300.jpg\" alt=\"\" class=\"wp-image-221\" srcset=\"https:\/\/urixi.com\/wp-content\/uploads\/2026\/03\/productos-varios-1-166x300.jpg 166w, https:\/\/urixi.com\/wp-content\/uploads\/2026\/03\/productos-varios-1-7x12.jpg 7w, https:\/\/urixi.com\/wp-content\/uploads\/2026\/03\/productos-varios-1.jpg 565w\" sizes=\"auto, (max-width: 166px) 100vw, 166px\" \/><\/figure>\n<\/div>\n\n\n\n<div class=\"wp-block-column is-vertically-aligned-center is-layout-flow wp-block-column-is-layout-flow\" style=\"flex-basis:50%\">\n<h2 class=\"wp-block-heading is-style-text-display is-style-text-display--4\">Modelo de comodato<\/h2>\n\n\n\n<p class=\"is-style-default\">Enf\u00f3cate en hacer crecer tu negocio con pagos accesibles y soluciones eficientes adaptadas a las necesidades de tu negocio.<\/p>\n\n\n\n<p>Garantiza la compatibilidad y calidad de tus m\u00e1quinas dispensadoras, mientras disfrutas de una experiencia completa y respaldada por soluciones innovadoras.<\/p>\n<\/div>\n<\/div>\n<\/div>\n\n\n\n<div class=\"wp-block-group alignfull has-global-padding is-layout-constrained wp-block-group-is-layout-constrained\">\n<h2 class=\"wp-block-heading alignwide is-style-text-display is-style-text-display--5\">Todo para tu negocio<\/h2>\n\n\n\n<div class=\"wp-block-group alignwide is-layout-grid wp-container-core-group-is-layout-b07e41ec wp-block-group-is-layout-grid\">\n<div class=\"wp-block-group has-global-padding is-layout-constrained wp-block-group-is-layout-constrained\">\n<figure class=\"wp-block-image aligncenter size-thumbnail\"><img loading=\"lazy\" decoding=\"async\" width=\"150\" height=\"150\" src=\"https:\/\/urixi.com\/wp-content\/uploads\/2026\/03\/neonfull1-1-150x150.jpg\" alt=\"\" class=\"wp-image-222\"\/><\/figure>\n\n\n\n<h2 class=\"wp-block-heading is-style-default\" style=\"margin-bottom:var(--wp--preset--spacing--20)\">Venta de M\u00e1quinas Dispensadoras<\/h2>\n\n\n\n<p>Atrae m\u00e1s clientes y ampl\u00eda tu men\u00fa con una variedad de bebidas carbonatadas congeladas, refrescantes, efervescentes, innovadoras y altamente rentables.<\/p>\n<\/div>\n\n\n\n<div class=\"wp-block-group has-global-padding is-layout-constrained wp-block-group-is-layout-constrained\">\n<figure class=\"wp-block-image aligncenter size-thumbnail\"><img loading=\"lazy\" decoding=\"async\" width=\"150\" height=\"150\" src=\"https:\/\/urixi.com\/wp-content\/uploads\/2026\/03\/insumos1-1-150x150.jpg\" alt=\"\" class=\"wp-image-223\"\/><\/figure>\n\n\n\n<h2 class=\"wp-block-heading\" style=\"margin-bottom:var(--wp--preset--spacing--20)\">Venta de insumos<\/h2>\n\n\n\n<p>Asegura el rendimiento de tus equipos con insumos dise\u00f1ados espec\u00edficamente para ellos. Evita desperdicios y fallas con productos 100% compatibles, garantizando una operaci\u00f3n eficiente.<\/p>\n<\/div>\n\n\n\n<div class=\"wp-block-group has-global-padding is-layout-constrained wp-block-group-is-layout-constrained\">\n<figure class=\"wp-block-image aligncenter size-thumbnail\"><img loading=\"lazy\" decoding=\"async\" width=\"150\" height=\"150\" src=\"https:\/\/urixi.com\/wp-content\/uploads\/2025\/03\/FBD_Refrigeration-150x150.webp\" alt=\"\" class=\"wp-image-139\" srcset=\"https:\/\/urixi.com\/wp-content\/uploads\/2025\/03\/FBD_Refrigeration-150x150.webp 150w, https:\/\/urixi.com\/wp-content\/uploads\/2025\/03\/FBD_Refrigeration-300x300.webp 300w, https:\/\/urixi.com\/wp-content\/uploads\/2025\/03\/FBD_Refrigeration.webp 400w\" sizes=\"auto, (max-width: 150px) 100vw, 150px\" \/><\/figure>\n\n\n\n<h2 class=\"wp-block-heading\" style=\"margin-bottom:var(--wp--preset--spacing--20)\">Venta de refacciones<\/h2>\n\n\n\n<p>Cuida tu inversi\u00f3n y prolonga su vida \u00fatil de servicio con refacciones originales y de alta calidad.<\/p>\n<\/div>\n\n\n\n<div class=\"wp-block-group has-global-padding is-layout-constrained wp-block-group-is-layout-constrained\">\n<figure class=\"wp-block-image aligncenter size-thumbnail\"><img loading=\"lazy\" decoding=\"async\" width=\"150\" height=\"150\" src=\"https:\/\/urixi.com\/wp-content\/uploads\/2025\/03\/5tyuk7szzqc-150x150.jpg\" alt=\"person holding gray and black metal tool\" class=\"wp-image-140\"\/><\/figure>\n\n\n\n<h2 class=\"wp-block-heading\" style=\"margin-bottom:var(--wp--preset--spacing--20)\">Servicio de mantenimiento<\/h2>\n\n\n\n<p>Mant\u00e9n tus equipos en \u00f3ptimas condiciones con un servicio de mantenimiento profesional, confiable y eficiente.<\/p>\n<\/div>\n\n\n\n<div class=\"wp-block-group wp-container-content-79286276 has-global-padding is-layout-constrained wp-block-group-is-layout-constrained\">\n<figure class=\"wp-block-image aligncenter size-thumbnail\"><img loading=\"lazy\" decoding=\"async\" width=\"150\" height=\"150\" src=\"https:\/\/urixi.com\/wp-content\/uploads\/2025\/03\/7731979-150x150.png\" alt=\"insurance agent, insurance, service, policy holder, health care and medicine, life insurance, concept, character, lifestyles, male, man, occupation, professional, protect, protection, safe, security, cutout, insurance agent, insurance, insurance, insurance, insurance, insurance, life insurance, life insurance\" class=\"wp-image-142\"\/><\/figure>\n\n\n\n<h2 class=\"wp-block-heading\" style=\"margin-bottom:var(--wp--preset--spacing--20)\">P\u00f3lizas de soporte<\/h2>\n\n\n\n<p>Tu tranquilidad es nuestra prioridad. Protege tus equipos contra imprevistos y garantiza que tu negocio opere con total seguridad en todo momento. Accede a un servicio especializado y confiable justo cuando lo necesites.<\/p>\n<\/div>\n\n\n\n<div class=\"wp-block-group has-global-padding is-layout-constrained wp-block-group-is-layout-constrained\">\n<figure class=\"wp-block-image aligncenter size-thumbnail\"><img loading=\"lazy\" decoding=\"async\" width=\"150\" height=\"150\" src=\"https:\/\/urixi.com\/wp-content\/uploads\/2025\/03\/327533-150x150.jpeg\" alt=\"A close-up of a man's thumbs up gesture, symbolizing success and agreement.\" class=\"wp-image-143\"\/><\/figure>\n\n\n\n<h2 class=\"wp-block-heading\" style=\"margin-bottom:var(--wp--preset--spacing--20)\">Capacitaci\u00f3n y manuales<\/h2>\n\n\n\n<p>Optimiza tu inversi\u00f3n asegurando el uso correcto de tus equipos desde el primer d\u00eda y prolongando su vida \u00fatil. Evita desgastes prematuros y reduce el riesgo de fallas por mal uso con un servicio de capacitaci\u00f3n.<\/p>\n<\/div>\n<\/div>\n\n\n\n<div style=\"height:2px\" aria-hidden=\"true\" class=\"wp-block-spacer\"><\/div>\n<\/div>\n\n\n\n<div class=\"wp-block-group alignfull is-style-section-4 has-global-padding is-layout-constrained wp-block-group-is-layout-constrained is-style-section-4--6\" style=\"padding-top:var(--wp--preset--spacing--30);padding-bottom:var(--wp--preset--spacing--30)\">\n<div class=\"wp-block-columns alignwide is-layout-flex wp-container-core-columns-is-layout-28f84493 wp-block-columns-is-layout-flex\">\n<div class=\"wp-block-column is-layout-flow wp-block-column-is-layout-flow\" style=\"flex-basis:66.66%\">\n<h2 class=\"wp-block-heading is-style-text-display has-base-color has-text-color has-link-color wp-elements-2e172a513cbc7d55fba2aa1d87b3f16d is-style-text-display--7\">Modelo de Cross Selling<\/h2>\n\n\n\n<h2 class=\"wp-block-heading has-base-color has-text-color has-link-color wp-elements-06408e118f1fdb9bc63cb7de4eacc485\">Simplifica y potencia tu negocio con soluciones integrales.<\/h2>\n\n\n\n<p class=\"has-base-color has-text-color has-link-color wp-elements-fdfa228e0dd36cbe186604e1ae0a5292\">Desde la m\u00e1quina ideal hasta insumos de alta calidad, refacciones y servicios de mantenimiento especializado, obt\u00e9n todo lo necesario para maximizar tu eficiencia operativa.<\/p>\n\n\n\n<p class=\"has-base-color has-text-color has-link-color wp-elements-28e09e8efb258fbc629dcf9087d0e244\">Ahorra tiempo y esfuerzo al evitar m\u00faltiples proveedores, y optimiza tus costos con productos y servicios dise\u00f1ados para trabajar en perfecta armon\u00eda.<\/p>\n\n\n\n<p class=\"has-base-color has-text-color has-link-color wp-elements-4f987d60d3c17f166e154eb635005172\">Garantiza la compatibilidad y calidad de tus equipos, mientras disfrutas de una experiencia completa y adaptada a las necesidades de tu negocio, respaldada por soluciones innovadoras. \u00a1Haz crecer tu empresa!<\/p>\n<\/div>\n\n\n\n<div class=\"wp-block-column is-layout-flow wp-block-column-is-layout-flow\" style=\"flex-basis:33.33%\">\n<figure class=\"wp-block-image size-large\"><img loading=\"lazy\" decoding=\"async\" width=\"680\" height=\"1024\" src=\"http:\/\/urixi.com\/wp-content\/uploads\/2025\/03\/6fc-rljlimm-680x1024.jpg\" alt=\"a woman sitting at a table with a drink in front of her\" class=\"wp-image-144\" srcset=\"https:\/\/urixi.com\/wp-content\/uploads\/2025\/03\/6fc-rljlimm-680x1024.jpg 680w, https:\/\/urixi.com\/wp-content\/uploads\/2025\/03\/6fc-rljlimm-199x300.jpg 199w, https:\/\/urixi.com\/wp-content\/uploads\/2025\/03\/6fc-rljlimm-768x1156.jpg 768w, https:\/\/urixi.com\/wp-content\/uploads\/2025\/03\/6fc-rljlimm.jpg 797w\" sizes=\"auto, (max-width: 680px) 100vw, 680px\" \/><\/figure>\n<\/div>\n<\/div>\n<\/div>\n\n\n\n<div class=\"wp-block-group alignfull is-style-section-1 has-global-padding is-layout-constrained wp-block-group-is-layout-constrained is-style-section-1--8\" style=\"margin-top:0;margin-bottom:0;padding-top:var(--wp--preset--spacing--80);padding-bottom:var(--wp--preset--spacing--80)\">\n<h2 class=\"wp-block-heading has-text-align-center\">Nuestros clientes<\/h2>\n\n\n\n<div style=\"height:var(--wp--preset--spacing--30)\" aria-hidden=\"true\" class=\"wp-block-spacer\"><\/div>\n\n\n\n<div class=\"wp-block-group alignwide is-layout-grid wp-container-core-group-is-layout-81fff4fc wp-block-group-is-layout-grid\">\n<div class=\"wp-block-group has-global-padding is-layout-constrained wp-block-group-is-layout-constrained\">\n<figure class=\"wp-block-image size-full is-resized\"><a href=\"https:\/\/www.freezit.com.mx\/\"><img loading=\"lazy\" decoding=\"async\" width=\"480\" height=\"164\" src=\"https:\/\/urixi.com\/wp-content\/uploads\/2025\/04\/Freezit-Logo-Main.png\" alt=\"\" class=\"wp-image-150\" style=\"aspect-ratio:4\/3;object-fit:contain;width:150px\" srcset=\"https:\/\/urixi.com\/wp-content\/uploads\/2025\/04\/Freezit-Logo-Main.png 480w, https:\/\/urixi.com\/wp-content\/uploads\/2025\/04\/Freezit-Logo-Main-300x103.png 300w\" sizes=\"auto, (max-width: 480px) 100vw, 480px\" \/><\/a><figcaption class=\"wp-element-caption\">Desde las profundidades del Nevado de Toluca llega Freezit.<br>La primera bebida carbonatada congelada que es monstruosamente rica y seguro se volver\u00e1 tu favorita. \u00a1Intenta decidirte por uno de nuestros sabores!<\/figcaption><\/figure>\n<\/div>\n\n\n\n<div class=\"wp-block-group has-global-padding is-layout-constrained wp-block-group-is-layout-constrained\">\n<figure class=\"wp-block-image size-full is-resized\"><a href=\"https:\/\/www.facebook.com\/profile.php?id=61571361616207\"><img loading=\"lazy\" decoding=\"async\" width=\"482\" height=\"594\" src=\"https:\/\/urixi.com\/wp-content\/uploads\/2025\/04\/IcePeng-logo.png\" alt=\"\" class=\"wp-image-191\" style=\"aspect-ratio:4\/3;object-fit:contain;width:150px\" srcset=\"https:\/\/urixi.com\/wp-content\/uploads\/2025\/04\/IcePeng-logo.png 482w, https:\/\/urixi.com\/wp-content\/uploads\/2025\/04\/IcePeng-logo-243x300.png 243w, https:\/\/urixi.com\/wp-content\/uploads\/2025\/04\/IcePeng-logo-10x12.png 10w\" sizes=\"auto, (max-width: 482px) 100vw, 482px\" \/><\/a><figcaption class=\"wp-element-caption\">Deliciosas bebidas carbonatadas congeladas que proporcionan momentos de frescura y alegr\u00eda a nuestros consumidores.<\/figcaption><\/figure>\n<\/div>\n<\/div>\n<\/div>\n\n\n\n<div class=\"wp-block-group alignfull has-global-padding is-layout-constrained wp-block-group-is-layout-constrained\">\n<h2 class=\"wp-block-heading alignwide\">Contacto<\/h2>\n\n\n\n<div class=\"wp-block-group alignwide is-content-justification-left is-nowrap is-layout-flex wp-container-core-group-is-layout-adac0f54 wp-block-group-is-layout-flex\">\n<div class=\"wp-block-contact-form-7-contact-form-selector\">\n<div class=\"wpcf7 no-js\" id=\"wpcf7-f199-o1\" lang=\"en-US\" dir=\"ltr\" data-wpcf7-id=\"199\">\n<div class=\"screen-reader-response\"><p role=\"status\" aria-live=\"polite\" aria-atomic=\"true\"><\/p> <ul><\/ul><\/div>\n<form action=\"\/es\/wp-json\/wp\/v2\/pages\/171#wpcf7-f199-o1\" method=\"post\" class=\"wpcf7-form init\" aria-label=\"Contact form\" novalidate=\"novalidate\" data-status=\"init\" data-trp-original-action=\"\/es\/wp-json\/wp\/v2\/pages\/171#wpcf7-f199-o1\">\n<fieldset class=\"hidden-fields-container\"><input type=\"hidden\" name=\"_wpcf7\" value=\"199\" \/><input type=\"hidden\" name=\"_wpcf7_version\" value=\"6.1.5\" \/><input type=\"hidden\" name=\"_wpcf7_locale\" value=\"en_US\" \/><input type=\"hidden\" name=\"_wpcf7_unit_tag\" value=\"wpcf7-f199-o1\" \/><input type=\"hidden\" name=\"_wpcf7_container_post\" value=\"0\" \/><input type=\"hidden\" name=\"_wpcf7_posted_data_hash\" value=\"\" \/>\n<\/fieldset>\n<p><label> Nombre<br \/>\n<span class=\"wpcf7-form-control-wrap\" data-name=\"your-name\"><input size=\"40\" maxlength=\"400\" class=\"wpcf7-form-control wpcf7-text wpcf7-validates-as-required\" autocomplete=\"name\" aria-required=\"true\" aria-invalid=\"false\" value=\"\" type=\"text\" name=\"your-name\" \/><\/span> <\/label>\n<\/p>\n<p><label> Correo<br \/>\n<span class=\"wpcf7-form-control-wrap\" data-name=\"your-email\"><input size=\"40\" maxlength=\"400\" class=\"wpcf7-form-control wpcf7-email wpcf7-validates-as-required wpcf7-text wpcf7-validates-as-email\" autocomplete=\"email\" aria-required=\"true\" aria-invalid=\"false\" value=\"\" type=\"email\" name=\"your-email\" \/><\/span> <\/label>\n<\/p>\n<p><label> Asunto<br \/>\n<span class=\"wpcf7-form-control-wrap\" data-name=\"your-subject\"><input size=\"40\" maxlength=\"400\" class=\"wpcf7-form-control wpcf7-text wpcf7-validates-as-required\" aria-required=\"true\" aria-invalid=\"false\" value=\"\" type=\"text\" name=\"your-subject\" \/><\/span> <\/label>\n<\/p>\n<p><label> Mensaje (opcional)<br \/>\n<span class=\"wpcf7-form-control-wrap\" data-name=\"your-message\"><textarea cols=\"40\" rows=\"10\" maxlength=\"2000\" class=\"wpcf7-form-control wpcf7-textarea\" aria-invalid=\"false\" name=\"your-message\"><\/textarea><\/span> <\/label>\n<\/p>\n<p><input class=\"wpcf7-form-control wpcf7-submit has-spinner\" type=\"submit\" value=\"Submit\" \/>\n<\/p><div class=\"wpcf7-response-output\" aria-hidden=\"true\"><\/div>\n<input type=\"hidden\" name=\"trp-form-language\" value=\"es\"\/><\/form>\n<\/div>\n<\/div>\n<\/div>\n<\/div>\n\n\n<nav class=\"is-responsive wp-block-navigation is-layout-flex wp-block-navigation-is-layout-flex\" aria-label=\"Navigation 8\" \n\t\t data-wp-interactive=\"core\/navigation\" data-wp-context='{\"overlayOpenedBy\":{\"click\":false,\"hover\":false,\"focus\":false},\"type\":\"overlay\",\"roleAttribute\":\"\",\"ariaLabel\":\"Men\\u00fa\"}'><button aria-haspopup=\"dialog\" aria-label=\"Abrir el men\u00fa\" class=\"wp-block-navigation__responsive-container-open\" \n\t\t\t\tdata-wp-on--click=\"actions.openMenuOnClick\"\n\t\t\t\tdata-wp-on--keydown=\"actions.handleMenuKeydown\"\n\t\t\t><svg width=\"24\" height=\"24\" xmlns=\"http:\/\/www.w3.org\/2000\/svg\" viewbox=\"0 0 24 24\" aria-hidden=\"true\" focusable=\"false\"><path d=\"M4 7.5h16v1.5H4z\"><\/path><path d=\"M4 15h16v1.5H4z\"><\/path><\/svg><\/button>\n\t\t\t\t<div class=\"wp-block-navigation__responsive-container\"  id=\"modal-9\" \n\t\t\t\tdata-wp-class--has-modal-open=\"state.isMenuOpen\"\n\t\t\t\tdata-wp-class--is-menu-open=\"state.isMenuOpen\"\n\t\t\t\tdata-wp-watch=\"callbacks.initMenu\"\n\t\t\t\tdata-wp-on--keydown=\"actions.handleMenuKeydown\"\n\t\t\t\tdata-wp-on--focusout=\"actions.handleMenuFocusout\"\n\t\t\t\ttabindex=\"-1\"\n\t\t\t>\n\t\t\t\t\t<div class=\"wp-block-navigation__responsive-close\" tabindex=\"-1\">\n\t\t\t\t\t\t<div class=\"wp-block-navigation__responsive-dialog\" \n\t\t\t\tdata-wp-bind--aria-modal=\"state.ariaModal\"\n\t\t\t\tdata-wp-bind--aria-label=\"state.ariaLabel\"\n\t\t\t\tdata-wp-bind--role=\"state.roleAttribute\"\n\t\t\t>\n\t\t\t\t\t\t\t<button aria-label=\"Cerrar el men\u00fa\" class=\"wp-block-navigation__responsive-container-close\" \n\t\t\t\tdata-wp-on--click=\"actions.closeMenuOnClick\"\n\t\t\t><svg xmlns=\"http:\/\/www.w3.org\/2000\/svg\" viewbox=\"0 0 24 24\" width=\"24\" height=\"24\" aria-hidden=\"true\" focusable=\"false\"><path d=\"m13.06 12 6.47-6.47-1.06-1.06L12 10.94 5.53 4.47 4.47 5.53 10.94 12l-6.47 6.47 1.06 1.06L12 13.06l6.47 6.47 1.06-1.06L13.06 12Z\"><\/path><\/svg><\/button>\n\t\t\t\t\t\t\t<div class=\"wp-block-navigation__responsive-container-content\" \n\t\t\t\tdata-wp-watch=\"callbacks.focusFirstElement\"\n\t\t\t id=\"modal-9-content\">\n\t\t\t\t\t\t\t\t<ul class=\"wp-block-navigation__container is-responsive wp-block-navigation\"><li class=\"wp-block-navigation-item wp-block-navigation-link\"><a class=\"wp-block-navigation-item__content\"  href=\"https:\/\/urixiconsultores.com\/\"><span class=\"wp-block-navigation-item__label\">Urixi Consulting<\/span><\/a><\/li><li class=\"wp-block-navigation-item wp-block-navigation-link\"><a class=\"wp-block-navigation-item__content\"  href=\"https:\/\/urixi.com\/es\/neon-freeze\/\"><span class=\"wp-block-navigation-item__label\">Neon Freeze<\/span><\/a><\/li><li class=\"wp-block-navigation-item wp-block-navigation-link\"><a class=\"wp-block-navigation-item__content\"  href=\"https:\/\/urixi.com\/es\/demon-pepper\/\"><span class=\"wp-block-navigation-item__label\">Demon Pepper<\/span><\/a><\/li><\/ul>\n\t\t\t\t\t\t\t<\/div>\n\t\t\t\t\t\t<\/div>\n\t\t\t\t\t<\/div>\n\t\t\t\t<\/div><\/nav>","protected":false},"excerpt":{"rendered":"<p>Take Your Business Higher with the Quality That Makes a Difference Discover everything you need in one place to keep your frozen beverage business flowing smoothly, backed by expert service every step of the way. About us We are a U.S.-based company specialized in the export, distribution, and maintenance of Frozen Beverages Dispensers, as well [&hellip;]<\/p>\n","protected":false},"author":1,"featured_media":0,"parent":0,"menu_order":0,"comment_status":"closed","ping_status":"closed","template":"page-no-title","meta":{"footnotes":""},"class_list":["post-171","page","type-page","status-publish","hentry"],"_links":{"self":[{"href":"https:\/\/urixi.com\/es\/wp-json\/wp\/v2\/pages\/171","targetHints":{"allow":["GET"]}}],"collection":[{"href":"https:\/\/urixi.com\/es\/wp-json\/wp\/v2\/pages"}],"about":[{"href":"https:\/\/urixi.com\/es\/wp-json\/wp\/v2\/types\/page"}],"author":[{"embeddable":true,"href":"https:\/\/urixi.com\/es\/wp-json\/wp\/v2\/users\/1"}],"replies":[{"embeddable":true,"href":"https:\/\/urixi.com\/es\/wp-json\/wp\/v2\/comments?post=171"}],"version-history":[{"count":10,"href":"https:\/\/urixi.com\/es\/wp-json\/wp\/v2\/pages\/171\/revisions"}],"predecessor-version":[{"id":226,"href":"https:\/\/urixi.com\/es\/wp-json\/wp\/v2\/pages\/171\/revisions\/226"}],"wp:attachment":[{"href":"https:\/\/urixi.com\/es\/wp-json\/wp\/v2\/media?parent=171"}],"curies":[{"name":"wp","href":"https:\/\/api.w.org\/{rel}","templated":true}]}}